{"id":383,"date":"2019-09-08T08:03:08","date_gmt":"2019-09-08T08:03:08","guid":{"rendered":"https:\/\/derdadesign.de\/grade-stiftung\/?page_id=383"},"modified":"2021-05-03T17:42:09","modified_gmt":"2021-05-03T17:42:09","slug":"satzung","status":"publish","type":"page","link":"https:\/\/www.grade-stiftung.de\/","title":{"rendered":"\u00dcber uns"},"content":{"rendered":"\n<div class=\"wp-block-image\"><figure class=\"aligncenter size-large is-resized\"><img loading=\"lazy\" decoding=\"async\" src=\"https:\/\/derdadesign.de\/grade-stiftung\/wp-content\/uploads\/2020\/05\/Icons-10_big-10.png\" alt=\"\" class=\"wp-image-691\" width=\"200\" height=\"200\" srcset=\"https:\/\/www.grade-stiftung.de\/wp-content\/uploads\/2020\/05\/Icons-10_big-10.png 295w, https:\/\/www.grade-stiftung.de\/wp-content\/uploads\/2020\/05\/Icons-10_big-10-150x150.png 150w\" sizes=\"auto, (max-width: 200px) 100vw, 200px\" \/><\/figure><\/div>\n\n\n\n<p class=\"has-text-align-center\"><strong>Der Vorstand setzt sich aktuell aus vier Frauen zusammen. <\/strong><\/p>\n\n\n\n<p class=\"has-text-align-center\">Wir entscheiden dabei frei, welche Projekte f\u00fcr Kinder und Jugendliche die Stiftung unterst\u00fctzen will. Haupts\u00e4chlich sind dies Projekte, die sonst nicht stattfinden k\u00f6nnten. Dadurch kann schnell und unkompliziert eine Unterst\u00fctzung gew\u00e4hrleistet werden. Unser Verwaltungsaufwand<br>bezieht sich auf maximal 2% des j\u00e4hrlichen Projektvolumens.<\/p>\n\n\n\n<p class=\"has-text-align-center\">Die Vorschl\u00e4ge sammeln wir bei unseren j\u00e4hrlichen Sitzungen und beraten zun\u00e4chst \u00fcber diese. Wir suchen uns dabei jedes Jahr ganz bestimmte Projekte aus veschiedenen Vorschl\u00e4gen aus, die wir speziell f\u00f6rdern wollen oder setzen uns mit dem Initiator zusammen und entscheiden gemeinsam. <\/p>\n\n\n\n<p class=\"has-text-align-center\">Wir stehen dabei in engem Austausch mit den Institutionen,<br>sodass die Projekte schnell und unkompliziert realisiert werden k\u00f6nnen. Durch eine ausf\u00fchrliche Dokumentation und interne Auswertung, wird sichergestellt, dass die Gelder zweckgebunden eingesetzt werden.<\/p>\n\n\n\n<hr class=\"wp-block-separator has-text-color has-background is-style-wide\" style=\"background-color:#867db2;color:#867db2\"\/>\n\n\n\n<p><\/p>\n","protected":false},"excerpt":{"rendered":"<p>Der Vorstand setzt sich aktuell aus vier Frauen zusammen. Wir entscheiden dabei frei, welche Projekte f\u00fcr Kinder und Jugendliche die Stiftung unterst\u00fctzen will. Haupts\u00e4chlich sind dies Projekte, die sonst nicht stattfinden k\u00f6nnten. Dadurch kann schnell und unkompliziert eine Unterst\u00fctzung gew\u00e4hrleistet werden. Unser Verwaltungsaufwandbezieht sich auf maximal 2% des j\u00e4hrlichen Projektvolumens. Die Vorschl\u00e4ge sammeln wir bei [&hellip;]<\/p>\n","protected":false},"author":1,"featured_media":0,"parent":0,"menu_order":0,"comment_status":"closed","ping_status":"closed","template":"","meta":{"footnotes":""},"class_list":["post-383","page","type-page","status-publish","hentry"],"_links":{"self":[{"href":"https:\/\/www.grade-stiftung.de\/index.php\/wp-json\/wp\/v2\/pages\/383","targetHints":{"allow":["GET"]}}],"collection":[{"href":"https:\/\/www.grade-stiftung.de\/index.php\/wp-json\/wp\/v2\/pages"}],"about":[{"href":"https:\/\/www.grade-stiftung.de\/index.php\/wp-json\/wp\/v2\/types\/page"}],"author":[{"embeddable":true,"href":"https:\/\/www.grade-stiftung.de\/index.php\/wp-json\/wp\/v2\/users\/1"}],"replies":[{"embeddable":true,"href":"https:\/\/www.grade-stiftung.de\/index.php\/wp-json\/wp\/v2\/comments?post=383"}],"version-history":[{"count":12,"href":"https:\/\/www.grade-stiftung.de\/index.php\/wp-json\/wp\/v2\/pages\/383\/revisions"}],"predecessor-version":[{"id":1156,"href":"https:\/\/www.grade-stiftung.de\/index.php\/wp-json\/wp\/v2\/pages\/383\/revisions\/1156"}],"wp:attachment":[{"href":"https:\/\/www.grade-stiftung.de\/index.php\/wp-json\/wp\/v2\/media?parent=383"}],"curies":[{"name":"wp","href":"https:\/\/api.w.org\/{rel}","templated":true}]}}